{"id":559,"date":"2018-05-15T09:14:10","date_gmt":"2018-05-15T07:14:10","guid":{"rendered":"http:\/\/onenakconsulting.com\/?page_id=559"},"modified":"2018-05-15T15:44:25","modified_gmt":"2018-05-15T13:44:25","slug":"tri_onenak","status":"publish","type":"page","link":"https:\/\/onenakconsulting.com\/index.php\/tri_onenak\/","title":{"rendered":"Tri_Onenak"},"content":{"rendered":"<div id=\"pl-559\"  class=\"panel-layout\" >\n<div id=\"pg-559-0\"  class=\"panel-grid panel-no-style\" >\n<div id=\"pgc-559-0-0\"  class=\"panel-grid-cell\"  data-weight=\"1\" >\n<div id=\"panel-559-0-0-0\" class=\"so-panel widget widget_black-studio-tinymce widget_black_studio_tinymce panel-first-child panel-last-child\" data-index=\"0\" data-style=\"{&quot;background_image_attachment&quot;:false,&quot;background_display&quot;:&quot;tile&quot;}\" >\n<div class=\"textwidget\">\n<p><span style=\"font-family: arial,helvetica,sans-serif; font-size: 14pt;\"><strong>ONENAK irrumpe en el mundo del deporte.<\/strong><\/span><\/p>\n<p><span style=\"font-family: arial,helvetica,sans-serif;\">Como no pod\u00eda ser de otra forma, durante la presente temporada 2018, comenzaremos a ver\u00a0por las carreteras espa\u00f1olas y portuguesas a\u00a0los primeros aficionados <span style=\"color: #993300;\"><strong>ciclistas \/ triatletas \/ runners<\/strong><\/span>, a entrenar y competir con los colores Onenak. Os deseamos fuerza y voluntad de hierro para superar los entrenos m\u00e1s exigente y suerte para lograr las metas deportivas que cada uno de vosotros os propong\u00e1is. Esperamos que los colores de Onenak os ayuden a llegar al lugar que quer\u00e9is &#8211; &#8220;Ser el mejor&#8221; &#8211; como bien indica nuestro nombre.<\/span><\/p>\n<\/div>\n<\/div>\n<\/div>\n<\/div>\n<\/div>\n","protected":false},"excerpt":{"rendered":"<p>ONENAK irrumpe en el mundo del deporte. Como no pod\u00eda ser de otra forma, durante la presente temporada 2018, comenzaremos a ver\u00a0por las carreteras espa\u00f1olas y portuguesas a\u00a0los primeros aficionados ciclistas \/ triatletas \/ runners, a entrenar y competir con los colores Onenak. Os deseamos fuerza y voluntad de hierro para superar los entrenos m\u00e1s [&hellip;]<\/p>\n","protected":false},"author":1,"featured_media":0,"parent":0,"menu_order":0,"comment_status":"closed","ping_status":"closed","template":"","meta":{"_et_pb_use_builder":"","_et_pb_old_content":"","_et_gb_content_width":"","footnotes":""},"class_list":["post-559","page","type-page","status-publish","hentry"],"_links":{"self":[{"href":"https:\/\/onenakconsulting.com\/index.php\/wp-json\/wp\/v2\/pages\/559","targetHints":{"allow":["GET"]}}],"collection":[{"href":"https:\/\/onenakconsulting.com\/index.php\/wp-json\/wp\/v2\/pages"}],"about":[{"href":"https:\/\/onenakconsulting.com\/index.php\/wp-json\/wp\/v2\/types\/page"}],"author":[{"embeddable":true,"href":"https:\/\/onenakconsulting.com\/index.php\/wp-json\/wp\/v2\/users\/1"}],"replies":[{"embeddable":true,"href":"https:\/\/onenakconsulting.com\/index.php\/wp-json\/wp\/v2\/comments?post=559"}],"version-history":[{"count":22,"href":"https:\/\/onenakconsulting.com\/index.php\/wp-json\/wp\/v2\/pages\/559\/revisions"}],"predecessor-version":[{"id":592,"href":"https:\/\/onenakconsulting.com\/index.php\/wp-json\/wp\/v2\/pages\/559\/revisions\/592"}],"wp:attachment":[{"href":"https:\/\/onenakconsulting.com\/index.php\/wp-json\/wp\/v2\/media?parent=559"}],"curies":[{"name":"wp","href":"https:\/\/api.w.org\/{rel}","templated":true}]}}