{"id":665,"date":"2018-05-25T14:49:41","date_gmt":"2018-05-25T12:49:41","guid":{"rendered":"http:\/\/onenakconsulting.com\/?page_id=665"},"modified":"2018-05-31T09:26:25","modified_gmt":"2018-05-31T07:26:25","slug":"industria4-0-sisteplant","status":"publish","type":"page","link":"https:\/\/onenakconsulting.com\/index.php\/industria4-0-sisteplant\/","title":{"rendered":"Sisteplant"},"content":{"rendered":"<div id=\"pl-665\"  class=\"panel-layout\" >\n<div id=\"pg-665-0\"  class=\"panel-grid panel-no-style\"  data-style=\"{&quot;background_image_attachment&quot;:false,&quot;background_display&quot;:&quot;tile&quot;,&quot;cell_alignment&quot;:&quot;flex-start&quot;}\"  data-ratio=\"1\"  data-ratio-direction=\"right\" >\n<div id=\"pgc-665-0-0\"  class=\"panel-grid-cell\"  data-weight=\"1\" >\n<div id=\"panel-665-0-0-0\" class=\"so-panel widget widget_black-studio-tinymce widget_black_studio_tinymce panel-first-child panel-last-child\" data-index=\"0\" data-style=\"{&quot;background_image_attachment&quot;:false,&quot;background_display&quot;:&quot;tile&quot;}\" >\n<div class=\"textwidget\">Una de las piezas fundamentales para asegurar tanto los <strong><span style=\"color: #993300;\">objetivos estrat\u00e9gicos<\/span> <\/strong>como <span style=\"color: #993300;\"><strong>operacionales<\/strong>\u00a0<\/span>de una empresa, es maximizar el control de los estad\u00edos de todo lo que ocurre en ella. A d\u00eda de hoy, la revoluci\u00f3n industrial\u00a0existente a trav\u00e9s de los conceptos 4.0, vienen a materializar esta necesidad. Onenak, apuesta por la soluciones CAPTOR y PRISMA como soluciones software que consiguen con niveles de eficiencia y eficacia correctos los objetivos operacionales de cualquier compa\u00f1\u00eda, paso cr\u00edtico este, para asegurar las <span style=\"color: #800000;\"><strong>objetivos estrat\u00e9gicos y la potenciaci\u00f3n de las ventajas competitivas.<\/strong><\/span><\/div>\n<\/div>\n<\/div>\n<\/div>\n<div id=\"pg-665-1\"  class=\"panel-grid panel-no-style\"  data-style=\"{&quot;background_image_attachment&quot;:false,&quot;background_display&quot;:&quot;tile&quot;,&quot;cell_alignment&quot;:&quot;flex-start&quot;}\" >\n<div id=\"pgc-665-1-0\"  class=\"panel-grid-cell\"  data-weight=\"0.5\" >\n<div id=\"panel-665-1-0-0\" class=\"so-panel widget widget_black-studio-tinymce widget_black_studio_tinymce panel-first-child panel-last-child\" data-index=\"1\" data-style=\"{&quot;background_image_attachment&quot;:false,&quot;background_display&quot;:&quot;tile&quot;}\" >\n<div class=\"textwidget\"><a href=\"http:\/\/www.sisteplant.com\/en\/solutions\/innovative-technologies\/smart-manufacturing-captor-mes\/\"><img loading=\"lazy\" decoding=\"async\" class=\"alignnone  wp-image-684\" src=\"https:\/\/onenakconsulting.com\/wp-content\/uploads\/2018\/05\/Imagen-Captor-300x200.png\" alt=\"\" width=\"551\" height=\"367\" srcset=\"https:\/\/onenakconsulting.com\/wp-content\/uploads\/2018\/05\/Imagen-Captor-300x200.png 300w, https:\/\/onenakconsulting.com\/wp-content\/uploads\/2018\/05\/Imagen-Captor-500x333.png 500w, https:\/\/onenakconsulting.com\/wp-content\/uploads\/2018\/05\/Imagen-Captor-1200x800.png 1200w, https:\/\/onenakconsulting.com\/wp-content\/uploads\/2018\/05\/Imagen-Captor-768x512.png 768w, https:\/\/onenakconsulting.com\/wp-content\/uploads\/2018\/05\/Imagen-Captor-1536x1024.png 1536w, https:\/\/onenakconsulting.com\/wp-content\/uploads\/2018\/05\/Imagen-Captor-2048x1366.png 2048w, https:\/\/onenakconsulting.com\/wp-content\/uploads\/2018\/05\/Imagen-Captor-112x75.png 112w\" sizes=\"(max-width: 551px) 100vw, 551px\" \/><\/a><\/div>\n<\/div>\n<\/div>\n<div id=\"pgc-665-1-1\"  class=\"panel-grid-cell\"  data-weight=\"0.5\" >\n<div id=\"panel-665-1-1-0\" class=\"so-panel widget widget_black-studio-tinymce widget_black_studio_tinymce panel-first-child panel-last-child\" data-index=\"2\" data-style=\"{&quot;background_image_attachment&quot;:false,&quot;background_display&quot;:&quot;tile&quot;}\" >\n<div class=\"textwidget\"><span style=\"font-family: arial,helvetica,sans-serif;\"><a href=\"http:\/\/www.sisteplant.com\/en\/solutions\/innovative-technologies\/smart-manufacturing-captor-mes\/\"><span style=\"color: #800000;\"><strong>CAPTOR<\/strong> <\/span><\/a>es un sistema MES modular y escalable. Basado en gesti\u00f3n del conocimiento, combina m\u00f3dulos de gesti\u00f3n con avanzadas funcionalidades, con tecnolog\u00edas de vanguardia para proporcionar a los profesionales una herramienta anal\u00edtica con la que alcanzar una dr\u00e1stica mejora de los indicadores. Para ello, dispone de diferentes m\u00f3dulos y opciones que le permiten ajustarse a las necesidades de cada cliente:<\/span><\/p>\n<p><span style=\"font-family: arial,helvetica,sans-serif;\">A. <strong>MANAGER<\/strong>: Configuraci\u00f3n y ajuste del sistema de acuerdo con las necesidades espec\u00edficas de cada entorno productivo.<\/span><\/p>\n<p><span style=\"font-family: arial,helvetica,sans-serif;\">B. <strong>INTEGRACION<\/strong>. Con sistemas ERP y RRHH<\/span><\/p>\n<p><span style=\"font-family: arial,helvetica,sans-serif;\">C. <strong>CONTROL DE OPERACIONES EN PLANTA<\/strong>: Captura de datos, gesti\u00f3n de producci\u00f3n y di\u00e1logo con el operario. Conectividad con SCADAs, PLCs, equipos digitales, medidores, dispositivos de identificaci\u00f3n y marcado<\/span><\/p>\n<p><span style=\"font-family: arial,helvetica,sans-serif;\">D. <strong>VISUAL FACTORY &amp; PERFORMANCE<\/strong>:\u00a0EMI (Enterprise Manufacturing Intelligence). Los datos fiables recogidos en la planta se transforman en informaci\u00f3n de f\u00e1cil interpretaci\u00f3n, para la toma de decisiones acertadas en tiempo real.<\/span><\/p>\n<p><span style=\"font-family: arial,helvetica,sans-serif;\">E. <strong>ASEGURAMIENTO DE CALIDAD<\/strong>: Gesti\u00f3n de los procedimientos de calidad integrada con la actividad productiva de la planta.<\/span><\/p>\n<p><span style=\"font-family: arial,helvetica,sans-serif;\">F. <strong>MANTENIMIENTO<\/strong>: Gesti\u00f3n del mantenimiento, desde configuraciones b\u00e1sicas hasta modelos avanzados.<\/span><\/p>\n<p>&nbsp;<\/p><\/div>\n<\/div>\n<\/div>\n<\/div>\n<div id=\"pg-665-2\"  class=\"panel-grid panel-no-style\"  data-style=\"{&quot;background_image_attachment&quot;:false,&quot;background_display&quot;:&quot;tile&quot;,&quot;cell_alignment&quot;:&quot;flex-start&quot;}\" >\n<div id=\"pgc-665-2-0\"  class=\"panel-grid-cell\"  data-weight=\"0.5\" >\n<div id=\"panel-665-2-0-0\" class=\"so-panel widget widget_black-studio-tinymce widget_black_studio_tinymce panel-first-child panel-last-child\" data-index=\"3\" data-style=\"{&quot;background_image_attachment&quot;:false,&quot;background_display&quot;:&quot;tile&quot;}\" >\n<div class=\"textwidget\"><span style=\"font-family: arial,helvetica,sans-serif;\"><a href=\"http:\/\/www.sisteplant.com\/en\/solutions\/innovative-technologies\/smart-maintenance-prisma-cmms-gmao\/\"><strong><span style=\"color: #800000;\">PRISMA3<\/span> \u00a0<\/strong><\/a>es un sistema CMMS\/ GMAO 4.0 para la gesti\u00f3n avanzada del mantenimiento alineado con las ISO 55000.<\/span><\/p>\n<p><span style=\"font-family: arial,helvetica,sans-serif;\"><strong><span style=\"color: #800000;\">M\u00c1S DE 30 A\u00d1OS<\/span>&#8230; <\/strong>desarrollando soluciones para la gesti\u00f3n t\u00e9cnica del mantenimiento.<\/span><\/p>\n<p><span style=\"font-family: arial,helvetica,sans-serif;\"><strong><span style=\"color: #800000;\">LIDER DE MERCADO<\/span>\u2026 <\/strong>de soluciones de gesti\u00f3n de activos. <strong>M\u00e1s de 2.000 empresas <\/strong>en todo el mundo se apoyan en Prisma para transformar su mantenimiento. Alrededor de <strong>50.000 usuarios <\/strong>t\u00e9cnicos y <strong>m\u00e1s de un mill\u00f3n de solicitantes <\/strong>de intervenci\u00f3n.<\/span><\/p>\n<p><span style=\"font-family: arial,helvetica,sans-serif;\"><strong><span style=\"color: #800000;\">MODULAR Y ESCALABLE<\/span>. <\/strong>Desde el inventario de activos a la optimizaci\u00f3n de pol\u00edticas de mantenimiento. De un site o de cientos por el mundo. Todo puede gestionarlo en Prisma.<\/span><\/p>\n<p><span style=\"font-family: arial,helvetica,sans-serif;\"><strong><span style=\"color: #800000;\">FLEXIBLE<\/span>. <\/strong>Para adaptar a cada usuario, con herramientas de personalizaci\u00f3n individual. Y para su equipo de TI, con un entorno de customizaci\u00f3n integrado de principio a fin.<\/span><\/p>\n<p><span style=\"font-family: arial,helvetica,sans-serif;\"><strong>Aspectos clave<\/strong><\/span><\/p>\n<ul>\n<li><span style=\"font-family: arial,helvetica,sans-serif;\">&#8211; De valor a su equipo de mantenimiento como garante de la fiabilidad de sus activos.<\/span><\/li>\n<li><span style=\"font-family: arial,helvetica,sans-serif;\">&#8211; Organice. Planifique. Ejecute. Monitorice. Analice. Transforme.<\/span><\/li>\n<li><span style=\"font-family: arial,helvetica,sans-serif;\">&#8211; Integre Prisma con los principales sistemas ERP del mercado.<\/span><\/li>\n<li><span style=\"font-family: arial,helvetica,sans-serif;\">&#8211; Gesti\u00f3n corporativa multiplanta para grupos empresariales y multicontrato para empresas de mantenimiento. En una \u00fanica instancia de base de datos.<\/span><\/li>\n<li><span style=\"font-family: arial,helvetica,sans-serif;\">&#8211; Una soluci\u00f3n que evoluciona para proteger su inversi\u00f3n y adelantarse a sus necesidades.<\/span><\/li>\n<li><span style=\"font-family: arial,helvetica,sans-serif;\">&#8211; No importa qu\u00e9 activos mantenga. Prisma se adapta a Vd. Una soluci\u00f3n vers\u00e1til para el mantenimiento industrial, de inmuebles, flotas, infraestructuras y servicios de mantenimiento.<\/span><\/li>\n<\/ul>\n<p>&nbsp;<\/p><\/div>\n<\/div>\n<\/div>\n<div id=\"pgc-665-2-1\"  class=\"panel-grid-cell\"  data-weight=\"0.5\" >\n<div id=\"panel-665-2-1-0\" class=\"so-panel widget widget_black-studio-tinymce widget_black_studio_tinymce panel-first-child panel-last-child\" data-index=\"4\" data-style=\"{&quot;background_image_attachment&quot;:false,&quot;background_display&quot;:&quot;tile&quot;}\" >\n<div class=\"textwidget\"><a href=\"http:\/\/www.sisteplant.com\/en\/solutions\/innovative-technologies\/smart-maintenance-prisma-cmms-gmao\/\"><img loading=\"lazy\" decoding=\"async\" class=\"alignnone  wp-image-685\" src=\"https:\/\/onenakconsulting.com\/wp-content\/uploads\/2018\/05\/Imagen-Prisma-300x200.png\" alt=\"\" width=\"530\" height=\"353\" srcset=\"https:\/\/onenakconsulting.com\/wp-content\/uploads\/2018\/05\/Imagen-Prisma-300x200.png 300w, https:\/\/onenakconsulting.com\/wp-content\/uploads\/2018\/05\/Imagen-Prisma-500x333.png 500w, https:\/\/onenakconsulting.com\/wp-content\/uploads\/2018\/05\/Imagen-Prisma-1200x800.png 1200w, https:\/\/onenakconsulting.com\/wp-content\/uploads\/2018\/05\/Imagen-Prisma-768x512.png 768w, https:\/\/onenakconsulting.com\/wp-content\/uploads\/2018\/05\/Imagen-Prisma-1536x1024.png 1536w, https:\/\/onenakconsulting.com\/wp-content\/uploads\/2018\/05\/Imagen-Prisma-2048x1366.png 2048w, https:\/\/onenakconsulting.com\/wp-content\/uploads\/2018\/05\/Imagen-Prisma-112x75.png 112w, https:\/\/onenakconsulting.com\/wp-content\/uploads\/2018\/05\/Imagen-Prisma-480x320.png 480w, https:\/\/onenakconsulting.com\/wp-content\/uploads\/2018\/05\/Imagen-Prisma-24x16.png 24w, https:\/\/onenakconsulting.com\/wp-content\/uploads\/2018\/05\/Imagen-Prisma-36x24.png 36w, https:\/\/onenakconsulting.com\/wp-content\/uploads\/2018\/05\/Imagen-Prisma-48x32.png 48w, https:\/\/onenakconsulting.com\/wp-content\/uploads\/2018\/05\/Imagen-Prisma-272x182.png 272w\" sizes=\"(max-width: 530px) 100vw, 530px\" \/><\/a><\/div>\n<\/div>\n<\/div>\n<\/div>\n<\/div>\n","protected":false},"excerpt":{"rendered":"<p>Una de las piezas fundamentales para asegurar tanto los objetivos estrat\u00e9gicos como operacionales\u00a0de una empresa, es maximizar el control de los estad\u00edos de todo lo que ocurre en ella. A d\u00eda de hoy, la revoluci\u00f3n industrial\u00a0existente a trav\u00e9s de los conceptos 4.0, vienen a materializar esta necesidad. Onenak, apuesta por la soluciones CAPTOR y PRISMA [&hellip;]<\/p>\n","protected":false},"author":1,"featured_media":0,"parent":0,"menu_order":0,"comment_status":"closed","ping_status":"closed","template":"","meta":{"_et_pb_use_builder":"","_et_pb_old_content":"","_et_gb_content_width":"","footnotes":""},"class_list":["post-665","page","type-page","status-publish","hentry"],"_links":{"self":[{"href":"https:\/\/onenakconsulting.com\/index.php\/wp-json\/wp\/v2\/pages\/665","targetHints":{"allow":["GET"]}}],"collection":[{"href":"https:\/\/onenakconsulting.com\/index.php\/wp-json\/wp\/v2\/pages"}],"about":[{"href":"https:\/\/onenakconsulting.com\/index.php\/wp-json\/wp\/v2\/types\/page"}],"author":[{"embeddable":true,"href":"https:\/\/onenakconsulting.com\/index.php\/wp-json\/wp\/v2\/users\/1"}],"replies":[{"embeddable":true,"href":"https:\/\/onenakconsulting.com\/index.php\/wp-json\/wp\/v2\/comments?post=665"}],"version-history":[{"count":32,"href":"https:\/\/onenakconsulting.com\/index.php\/wp-json\/wp\/v2\/pages\/665\/revisions"}],"predecessor-version":[{"id":703,"href":"https:\/\/onenakconsulting.com\/index.php\/wp-json\/wp\/v2\/pages\/665\/revisions\/703"}],"wp:attachment":[{"href":"https:\/\/onenakconsulting.com\/index.php\/wp-json\/wp\/v2\/media?parent=665"}],"curies":[{"name":"wp","href":"https:\/\/api.w.org\/{rel}","templated":true}]}}